{"id":8,"date":"2013-06-02T18:59:30","date_gmt":"2013-06-02T16:59:30","guid":{"rendered":"https:\/\/ogloszenia.gazetalekarska.pl\/?page_id=8"},"modified":"2023-11-15T11:41:39","modified_gmt":"2023-11-15T10:41:39","slug":"regulamin-serwisu-ogloszeniowego","status":"publish","type":"page","link":"https:\/\/ogloszenia.gazetalekarska.pl\/?page_id=8","title":{"rendered":"Regulamin serwisu og\u0142oszeniowego"},"content":{"rendered":"<p style=\"text-align: center;\"><strong>Uprzejmie informujemy, \u017ce og\u0142oszenia s\u0105 przyjmowane <\/strong><strong>pod numerem telefonu: tel. (22) 558 80 40,<br \/>e-mail: ogloszenia@gazetalekarska.pl<br \/><\/strong><\/p>\n<p>Redakcja zastrzega prawo do poprawiania b\u0142\u0119d\u00f3w pisowni w umieszczonym og\u0142oszeniu, a tak\u017ce prawo do korekty tre\u015bci oraz do usuni\u0119cia og\u0142oszenia.<\/p>\n<p>Wiarygodno\u015b\u0107 og\u0142osze\u0144 nie jest sprawdzana i redakcja &#8222;Gazety Lekarskiej&#8221; nie ponosi odpowiedzialno\u015bci za ich tre\u015b\u0107. W sprawach dotycz\u0105cych zatrudnienia radzimy kontaktowa\u0107 si\u0119 z w\u0142a\u015bciw\u0105 Okr\u0119gow\u0105 Izb\u0105 Lekarsk\u0105 aby sprawdzi\u0107, czy dzia\u0142alno\u015b\u0107 pracodawcy lub po\u015brednika nie budzi zastrze\u017ce\u0144. Je\u017celi oferta dotyczy zagranicy, po\u017cytecznych informacji mo\u017ce udzieli\u0107 stowarzyszenie polskich lekarzy w danym kraju.<\/p>\n<p>U\u017cytkownik lub podmiot zewn\u0119trzny daj\u0105cy og\u0142oszenie potwierdza, \u017ce dane w nim zawarte s\u0105 prawdziwe i bierze pe\u0142n\u0105 odpowiedzialno\u015b\u0107 za wszelkie nast\u0119pstwa wynikaj\u0105ce z zamieszczenia oferty i\/lub og\u0142oszenia i\/lub podanie informacji nieprawdziwych.<\/p>\n<p>Umieszczenie og\u0142oszenia na tych stronach jest\u00a0<b>bezp\u0142atne dla lekarzy poszukuj\u0105cych pracy<\/b>.<\/p>\n<p><strong>Og\u0142oszenia: Zatrudnimy\/Zatrudni\u0119 lekarza oraz Drobne s\u0105 p\u0142atne (23,00 z\u0142 za s\u0142owo + 23% VAT).<\/strong><\/p>\n<p><strong>Og\u0142oszenia wyr\u00f3\u017cnione ( tekst pogrubiony ) s\u0105 p\u0142atne (29,00 za s\u0142owo + 23% VAT).<\/strong><\/p>\n\n\n<p><\/p>\n","protected":false},"excerpt":{"rendered":"<p>Uprzejmie informujemy, \u017ce og\u0142oszenia s\u0105 przyjmowane pod numerem telefonu: tel. (22) 558 80 40,e-mail: ogloszenia@gazetalekarska.pl Redakcja zastrzega prawo do poprawiania b\u0142\u0119d\u00f3w pisowni w umieszczonym og\u0142oszeniu, a tak\u017ce prawo do korekty tre\u015bci oraz do usuni\u0119cia og\u0142oszenia. Wiarygodno\u015b\u0107 og\u0142osze\u0144 nie jest sprawdzana i redakcja &#8222;Gazety Lekarskiej&#8221; nie ponosi odpowiedzialno\u015bci za ich tre\u015b\u0107. W sprawach dotycz\u0105cych zatrudnienia radzimy [&hellip;]<\/p>\n","protected":false},"author":2,"featured_media":0,"parent":0,"menu_order":0,"comment_status":"open","ping_status":"open","template":"","meta":{"footnotes":""},"class_list":["post-8","page","type-page","status-publish","hentry"],"_links":{"self":[{"href":"https:\/\/ogloszenia.gazetalekarska.pl\/index.php?rest_route=\/wp\/v2\/pages\/8","targetHints":{"allow":["GET"]}}],"collection":[{"href":"https:\/\/ogloszenia.gazetalekarska.pl\/index.php?rest_route=\/wp\/v2\/pages"}],"about":[{"href":"https:\/\/ogloszenia.gazetalekarska.pl\/index.php?rest_route=\/wp\/v2\/types\/page"}],"author":[{"embeddable":true,"href":"https:\/\/ogloszenia.gazetalekarska.pl\/index.php?rest_route=\/wp\/v2\/users\/2"}],"replies":[{"embeddable":true,"href":"https:\/\/ogloszenia.gazetalekarska.pl\/index.php?rest_route=%2Fwp%2Fv2%2Fcomments&post=8"}],"version-history":[{"count":20,"href":"https:\/\/ogloszenia.gazetalekarska.pl\/index.php?rest_route=\/wp\/v2\/pages\/8\/revisions"}],"predecessor-version":[{"id":20884,"href":"https:\/\/ogloszenia.gazetalekarska.pl\/index.php?rest_route=\/wp\/v2\/pages\/8\/revisions\/20884"}],"wp:attachment":[{"href":"https:\/\/ogloszenia.gazetalekarska.pl\/index.php?rest_route=%2Fwp%2Fv2%2Fmedia&parent=8"}],"curies":[{"name":"wp","href":"https:\/\/api.w.org\/{rel}","templated":true}]}}